{"id":98,"date":"2019-06-17T22:52:03","date_gmt":"2019-06-17T22:52:03","guid":{"rendered":"http:\/\/floripari.projektyart.stronazen.pl\/?page_id=98"},"modified":"2019-07-11T17:35:54","modified_gmt":"2019-07-11T15:35:54","slug":"muzykalia-rakowskie-kto-ma-uszy-niechaj-slucha","status":"publish","type":"page","link":"https:\/\/floripari.pl\/en\/discography\/muzykalia-rakowskie-kto-ma-uszy-niechaj-slucha\/","title":{"rendered":"MUZYKALIA RAKOWSKIE \u2013 kto ma uszy, niechaj s\u0142ucha"},"content":{"rendered":"<div class=\"wpb-content-wrapper\"><p>[vc_row][vc_column column_width_percent=&#8221;80&#8243; style=&#8221;light&#8221; overlay_alpha=&#8221;50&#8243; gutter_size=&#8221;3&#8243; medium_width=&#8221;0&#8243; mobile_width=&#8221;0&#8243; shift_x=&#8221;0&#8243; shift_y=&#8221;0&#8243; shift_y_down=&#8221;0&#8243; z_index=&#8221;0&#8243; width=&#8221;1\/1&#8243;][vc_row_inner][vc_column_inner column_width_percent=&#8221;100&#8243; align_horizontal=&#8221;align_center&#8221; style=&#8221;light&#8221; gutter_size=&#8221;3&#8243; overlay_alpha=&#8221;50&#8243; medium_width=&#8221;0&#8243; mobile_width=&#8221;0&#8243; shift_x=&#8221;0&#8243; shift_y=&#8221;0&#8243; shift_y_down=&#8221;0&#8243; z_index=&#8221;0&#8243; width=&#8221;1\/1&#8243;][vc_empty_space empty_h=&#8221;0&#8243;][vc_custom_heading auto_text=&#8221;yes&#8221;][\/vc_custom_heading][vc_empty_space empty_h=&#8221;0&#8243;][\/vc_column_inner][\/vc_row_inner][vc_column_text]<em>Towarzystwo Przyjaci\u00f3\u0142 Ziemi Rakowskiej i Regionu \u015awi\u0119tokrzyskiego, 2013)<\/em><\/p>\n<p><strong><img decoding=\"async\" class=\"size-medium wp-image-192 alignright\" src=\"https:\/\/floripari.pl\/en\/wp-content\/uploads\/sites\/2\/2019\/06\/Muzykalia_rakowskie-300x180.jpg\" alt=\"\" width=\"300\" height=\"180\" srcset=\"https:\/\/floripari.pl\/en\/wp-content\/uploads\/sites\/2\/2019\/06\/Muzykalia_rakowskie-300x180.jpg 300w, https:\/\/floripari.pl\/en\/wp-content\/uploads\/sites\/2\/2019\/06\/Muzykalia_rakowskie-768x461.jpg 768w, https:\/\/floripari.pl\/en\/wp-content\/uploads\/sites\/2\/2019\/06\/Muzykalia_rakowskie.jpg 1000w\" sizes=\"(max-width: 300px) 100vw, 300px\" \/>Adrianna Bujak &#8211; Cyran<\/strong> &#8211; sopran<br \/>\n<strong>Helena Poczykowska<\/strong> &#8211; alt<br \/>\n<strong>Krzysztof Kozarek<\/strong> &#8211; tenor<br \/>\n<strong>Wojciech Szczerba<\/strong> &#8211; baryton<br \/>\n<strong>Violetta Szopa-Tomczyk, Adam Pastuszka<\/strong> &#8211; violini<br \/>\n<strong>Marian Magiera, Pawe\u0142 Gajewski<\/strong> &#8211; clarini<br \/>\n<strong>Artur \u0141uczak<\/strong> &#8211; viola, fidel<br \/>\n<strong>Justyna M\u0142ynarczyk, Mateusz Kowalski<\/strong> &#8211; viola da gamba<br \/>\n<strong>Justyna Grabowska, Patrycja Domagalska-Ka\u0142u\u017ca<\/strong> &#8211; wirgina\u0142, klawesyn, organy<br \/>\n<strong>Aleksander Tomczyk<\/strong> &#8211; flety, kornamuzy, gemshorny, dawne instr. perkusyjne, kier. art.<\/p>\n<p><strong>Andrzej Seweryn<\/strong> \u2013 recytator<\/p>\n<p><strong>Ch\u00f3r CHORA\u0141 z Rakowa<\/strong>[\/vc_column_text][vc_empty_space empty_h=&#8221;3&#8243;][\/vc_column][\/vc_row]<\/p>\n<\/div>","protected":false},"excerpt":{"rendered":"<p>[vc_row][vc_column column_width_percent=&#8221;80&#8243; style=&#8221;light&#8221; overlay_alpha=&#8221;50&#8243; gutter_size=&#8221;3&#8243; medium_width=&#8221;0&#8243; mobile_width=&#8221;0&#8243; shift_x=&#8221;0&#8243; shift_y=&#8221;0&#8243; shift_y_down=&#8221;0&#8243; z_index=&#8221;0&#8243; width=&#8221;1\/1&#8243;][vc_row_inner][vc_column_inner column_width_percent=&#8221;100&#8243; align_horizontal=&#8221;align_center&#8221; style=&#8221;light&#8221; gutter_size=&#8221;3&#8243; overlay_alpha=&#8221;50&#8243; medium_width=&#8221;0&#8243; mobile_width=&#8221;0&#8243; shift_x=&#8221;0&#8243; [&hellip;]<\/p>\n","protected":false},"author":1,"featured_media":192,"parent":511,"menu_order":0,"comment_status":"closed","ping_status":"closed","template":"","meta":{"footnotes":""},"class_list":["post-98","page","type-page","status-publish","has-post-thumbnail","hentry","page_category-plyty"],"jetpack_sharing_enabled":true,"_links":{"self":[{"href":"https:\/\/floripari.pl\/en\/wp-json\/wp\/v2\/pages\/98","targetHints":{"allow":["GET"]}}],"collection":[{"href":"https:\/\/floripari.pl\/en\/wp-json\/wp\/v2\/pages"}],"about":[{"href":"https:\/\/floripari.pl\/en\/wp-json\/wp\/v2\/types\/page"}],"author":[{"embeddable":true,"href":"https:\/\/floripari.pl\/en\/wp-json\/wp\/v2\/users\/1"}],"replies":[{"embeddable":true,"href":"https:\/\/floripari.pl\/en\/wp-json\/wp\/v2\/comments?post=98"}],"version-history":[{"count":1,"href":"https:\/\/floripari.pl\/en\/wp-json\/wp\/v2\/pages\/98\/revisions"}],"predecessor-version":[{"id":542,"href":"https:\/\/floripari.pl\/en\/wp-json\/wp\/v2\/pages\/98\/revisions\/542"}],"up":[{"embeddable":true,"href":"https:\/\/floripari.pl\/en\/wp-json\/wp\/v2\/pages\/511"}],"wp:featuredmedia":[{"embeddable":true,"href":"https:\/\/floripari.pl\/en\/wp-json\/wp\/v2\/media\/192"}],"wp:attachment":[{"href":"https:\/\/floripari.pl\/en\/wp-json\/wp\/v2\/media?parent=98"}],"curies":[{"name":"wp","href":"https:\/\/api.w.org\/{rel}","templated":true}]}}