{"id":92,"date":"2019-06-17T22:45:45","date_gmt":"2019-06-17T22:45:45","guid":{"rendered":"http:\/\/floripari.projektyart.stronazen.pl\/?page_id=92"},"modified":"2019-07-11T17:49:07","modified_gmt":"2019-07-11T15:49:07","slug":"musica-claromontana-in-nativitate-domini","status":"publish","type":"page","link":"https:\/\/floripari.pl\/en\/discography\/musica-claromontana-in-nativitate-domini\/","title":{"rendered":"Musica Claromontana in Nativitate Domini"},"content":{"rendered":"<div class=\"wpb-content-wrapper\"><p>[vc_row][vc_column column_width_percent=&#8221;80&#8243; style=&#8221;light&#8221; overlay_alpha=&#8221;50&#8243; gutter_size=&#8221;3&#8243; medium_width=&#8221;0&#8243; mobile_width=&#8221;0&#8243; shift_x=&#8221;0&#8243; shift_y=&#8221;0&#8243; shift_y_down=&#8221;0&#8243; z_index=&#8221;0&#8243; width=&#8221;1\/1&#8243;][vc_row_inner][vc_column_inner column_width_percent=&#8221;100&#8243; align_horizontal=&#8221;align_center&#8221; style=&#8221;light&#8221; gutter_size=&#8221;3&#8243; overlay_alpha=&#8221;50&#8243; medium_width=&#8221;0&#8243; mobile_width=&#8221;0&#8243; shift_x=&#8221;0&#8243; shift_y=&#8221;0&#8243; shift_y_down=&#8221;0&#8243; z_index=&#8221;0&#8243; width=&#8221;1\/1&#8243;][vc_empty_space empty_h=&#8221;0&#8243;][vc_custom_heading auto_text=&#8221;yes&#8221;][\/vc_custom_heading][vc_empty_space empty_h=&#8221;0&#8243;][\/vc_column_inner][\/vc_row_inner][vc_column_text]<\/p>\n<figure id=\"attachment_187\" aria-describedby=\"caption-attachment-187\" style=\"width: 300px\" class=\"wp-caption alignright\"><a href=\"https:\/\/floripari.pl\/en\/wp-content\/uploads\/sites\/2\/2019\/06\/jasnogorska.jpg\"><img decoding=\"async\" class=\"size-medium wp-image-187\" src=\"https:\/\/floripari.pl\/en\/wp-content\/uploads\/sites\/2\/2019\/06\/jasnogorska-300x180.jpg\" alt=\"\" width=\"300\" height=\"180\" srcset=\"https:\/\/floripari.pl\/en\/wp-content\/uploads\/sites\/2\/2019\/06\/jasnogorska-300x180.jpg 300w, https:\/\/floripari.pl\/en\/wp-content\/uploads\/sites\/2\/2019\/06\/jasnogorska.jpg 576w\" sizes=\"(max-width: 300px) 100vw, 300px\" \/><\/a><figcaption id=\"caption-attachment-187\" class=\"wp-caption-text\">CREATOR: gd-jpeg v1.0 (using IJG JPEG v62), default quality<\/figcaption><\/figure>\n<p><strong><em>Musica Claramontana in Nativitate Domini<\/em><\/strong><\/p>\n<p><em>(Musicon, 2005)<\/em><\/p>\n<p><strong>Iwona Le\u015bniowska<\/strong> \u2013 sopran<br \/>\n<strong>Piotr Olech<\/strong> \u2013 alt<br \/>\n<strong>Szczepan Kosior<\/strong> \u2013 tenor<br \/>\n<strong>Miros\u0142aw Borczy\u0144ski<\/strong> \u2013 baryton<br \/>\nZesp\u00f3\u0142 Muzyki Dawnej z Zamku Kr\u00f3lewskiego na Wawelu FLORIPARI, dyr. <strong>Aleksander Tomczyk<\/strong><\/p>\n<p>Muzyka \u017ce zbior\u00f3w Archiwum Klasztoru Ojc\u00f3w Paulin\u00f3w na Jasnej G\u00f3rze w Cz\u0119stochowie. Nagranie dokonane w Bazylice Jasnog\u00f3rskiej, w styczniu 2004 r.<\/p>\n<p>repertuar: M.J.\u017bebrowski \u2013 Rorarte coeli, F.Perneckher \u2013 Offertorium Pastorale, J.Kobierkowicz \u2013 Coelum gaude, M.J.\u017bebrowski \u2013 Missa Pastorita ex D<\/p>\n<p>Total time: 42:35[\/vc_column_text][vc_empty_space empty_h=&#8221;3&#8243;][\/vc_column][\/vc_row]<\/p>\n<\/div>","protected":false},"excerpt":{"rendered":"<p>[vc_row][vc_column column_width_percent=&#8221;80&#8243; style=&#8221;light&#8221; overlay_alpha=&#8221;50&#8243; gutter_size=&#8221;3&#8243; medium_width=&#8221;0&#8243; mobile_width=&#8221;0&#8243; shift_x=&#8221;0&#8243; shift_y=&#8221;0&#8243; shift_y_down=&#8221;0&#8243; z_index=&#8221;0&#8243; width=&#8221;1\/1&#8243;][vc_row_inner][vc_column_inner column_width_percent=&#8221;100&#8243; align_horizontal=&#8221;align_center&#8221; style=&#8221;light&#8221; gutter_size=&#8221;3&#8243; overlay_alpha=&#8221;50&#8243; medium_width=&#8221;0&#8243; mobile_width=&#8221;0&#8243; shift_x=&#8221;0&#8243; [&hellip;]<\/p>\n","protected":false},"author":1,"featured_media":187,"parent":511,"menu_order":0,"comment_status":"closed","ping_status":"closed","template":"","meta":{"footnotes":""},"class_list":["post-92","page","type-page","status-publish","has-post-thumbnail","hentry","page_category-plyty"],"jetpack_sharing_enabled":true,"_links":{"self":[{"href":"https:\/\/floripari.pl\/en\/wp-json\/wp\/v2\/pages\/92","targetHints":{"allow":["GET"]}}],"collection":[{"href":"https:\/\/floripari.pl\/en\/wp-json\/wp\/v2\/pages"}],"about":[{"href":"https:\/\/floripari.pl\/en\/wp-json\/wp\/v2\/types\/page"}],"author":[{"embeddable":true,"href":"https:\/\/floripari.pl\/en\/wp-json\/wp\/v2\/users\/1"}],"replies":[{"embeddable":true,"href":"https:\/\/floripari.pl\/en\/wp-json\/wp\/v2\/comments?post=92"}],"version-history":[{"count":3,"href":"https:\/\/floripari.pl\/en\/wp-json\/wp\/v2\/pages\/92\/revisions"}],"predecessor-version":[{"id":706,"href":"https:\/\/floripari.pl\/en\/wp-json\/wp\/v2\/pages\/92\/revisions\/706"}],"up":[{"embeddable":true,"href":"https:\/\/floripari.pl\/en\/wp-json\/wp\/v2\/pages\/511"}],"wp:featuredmedia":[{"embeddable":true,"href":"https:\/\/floripari.pl\/en\/wp-json\/wp\/v2\/media\/187"}],"wp:attachment":[{"href":"https:\/\/floripari.pl\/en\/wp-json\/wp\/v2\/media?parent=92"}],"curies":[{"name":"wp","href":"https:\/\/api.w.org\/{rel}","templated":true}]}}