{"id":477,"date":"2019-07-03T15:57:05","date_gmt":"2019-07-03T15:57:05","guid":{"rendered":"http:\/\/floripari.projektyart.stronazen.pl\/?page_id=477"},"modified":"2019-07-07T00:07:42","modified_gmt":"2019-07-06T22:07:42","slug":"bendir","status":"publish","type":"page","link":"https:\/\/floripari.pl\/en\/instrumenty\/bendir\/","title":{"rendered":"Bendir"},"content":{"rendered":"<div class=\"wpb-content-wrapper\"><p>[vc_row][vc_column column_width_percent=&#8221;80&#8243; overlay_alpha=&#8221;50&#8243; gutter_size=&#8221;3&#8243; medium_width=&#8221;0&#8243; mobile_width=&#8221;0&#8243; shift_x=&#8221;0&#8243; shift_y=&#8221;0&#8243; shift_y_down=&#8221;0&#8243; z_index=&#8221;0&#8243; width=&#8221;1\/1&#8243;][vc_empty_space empty_h=&#8221;1&#8243;][vc_column_text text_lead=&#8221;yes&#8221;]<strong>Bendir<\/strong> jest arabskim szerokim b\u0119bnem obr\u0119czowym (\u015brednica naszego b\u0119bna to 65 cm) pochodz\u0105cym z Afryki P\u00f3\u0142nocnej. Wyr\u00f3\u017cnia go g\u0142\u0119bokie i niskie brzmienie. Pod wewn\u0119trzn\u0105 p\u0142aszczyzn\u0105 membrany mo\u017ce mie\u0107 naci\u0105gni\u0119te jelitowe struny lub sznurki nadaj\u0105ce mu w\u00f3wczas charakterystyczne rezonuj\u0105ce i metalizuj\u0105ce brzmienie (brz\u0119czenie). Bendir tradycyjnie grany palcami lub ca\u0142\u0105 d\u0142oni\u0105, trzymany jest jedn\u0105 r\u0119k\u0105, dla u\u0142atwienia chwytu posiada czasami w obr\u0119czy otw\u00f3r na kciuk.[\/vc_column_text][\/vc_column][\/vc_row]<\/p>\n<\/div>","protected":false},"excerpt":{"rendered":"<p>[vc_row][vc_column column_width_percent=&#8221;80&#8243; overlay_alpha=&#8221;50&#8243; gutter_size=&#8221;3&#8243; medium_width=&#8221;0&#8243; mobile_width=&#8221;0&#8243; shift_x=&#8221;0&#8243; shift_y=&#8221;0&#8243; shift_y_down=&#8221;0&#8243; z_index=&#8221;0&#8243; width=&#8221;1\/1&#8243;][vc_empty_space empty_h=&#8221;1&#8243;][vc_column_text text_lead=&#8221;yes&#8221;]Bendir jest arabskim szerokim b\u0119bnem obr\u0119czowym (\u015brednica naszego [&hellip;]<\/p>\n","protected":false},"author":1,"featured_media":204,"parent":510,"menu_order":0,"comment_status":"closed","ping_status":"closed","template":"","meta":{"footnotes":""},"class_list":["post-477","page","type-page","status-publish","has-post-thumbnail","hentry","page_category-instrumenty"],"jetpack_sharing_enabled":true,"_links":{"self":[{"href":"https:\/\/floripari.pl\/en\/wp-json\/wp\/v2\/pages\/477","targetHints":{"allow":["GET"]}}],"collection":[{"href":"https:\/\/floripari.pl\/en\/wp-json\/wp\/v2\/pages"}],"about":[{"href":"https:\/\/floripari.pl\/en\/wp-json\/wp\/v2\/types\/page"}],"author":[{"embeddable":true,"href":"https:\/\/floripari.pl\/en\/wp-json\/wp\/v2\/users\/1"}],"replies":[{"embeddable":true,"href":"https:\/\/floripari.pl\/en\/wp-json\/wp\/v2\/comments?post=477"}],"version-history":[{"count":1,"href":"https:\/\/floripari.pl\/en\/wp-json\/wp\/v2\/pages\/477\/revisions"}],"predecessor-version":[{"id":655,"href":"https:\/\/floripari.pl\/en\/wp-json\/wp\/v2\/pages\/477\/revisions\/655"}],"up":[{"embeddable":true,"href":"https:\/\/floripari.pl\/en\/wp-json\/wp\/v2\/pages\/510"}],"wp:featuredmedia":[{"embeddable":true,"href":"https:\/\/floripari.pl\/en\/wp-json\/wp\/v2\/media\/204"}],"wp:attachment":[{"href":"https:\/\/floripari.pl\/en\/wp-json\/wp\/v2\/media?parent=477"}],"curies":[{"name":"wp","href":"https:\/\/api.w.org\/{rel}","templated":true}]}}