{"id":26,"date":"2019-06-17T21:17:33","date_gmt":"2019-06-17T21:17:33","guid":{"rendered":"http:\/\/floripari.projektyart.stronazen.pl\/?page_id=26"},"modified":"2025-03-20T23:06:00","modified_gmt":"2025-03-20T22:06:00","slug":"video","status":"publish","type":"page","link":"https:\/\/floripari.pl\/en\/media\/video\/","title":{"rendered":"Video"},"content":{"rendered":"<h2><\/h2>\n<h2><em>Courante<\/em> &#8211; Jakub Reys Polak, FLORIPAR<\/h2>\n<p>&nbsp;<\/p>\n<p><iframe title=\"Courante - Jakub Reys Polak, FLORIPARI\" width=\"840\" height=\"473\" src=\"https:\/\/www.youtube.com\/embed\/ECjLvnN1qps?feature=oembed&#038;width=840&#038;height=1000&#038;discover=1\" frameborder=\"0\" allow=\"accelerometer; autoplay; clipboard-write; encrypted-media; gyroscope; picture-in-picture; web-share\" referrerpolicy=\"strict-origin-when-cross-origin\" allowfullscreen><\/iframe><\/p>\n<p>&nbsp;<\/p>\n<h2><em>L&#8217;amor donna ch&#8217;io te porto &#8211;<\/em> Canzionero de Palacio, FLORIPARI<\/h2>\n<p>&nbsp;<\/p>\n<p><iframe title=\"L&#039;amor donna ch&#039;io te porto, Canzionero de Palacio, FLORIPARI\" width=\"840\" height=\"473\" src=\"https:\/\/www.youtube.com\/embed\/JcCm94nYaIE?feature=oembed&#038;width=840&#038;height=1000&#038;discover=1\" frameborder=\"0\" allow=\"accelerometer; autoplay; clipboard-write; encrypted-media; gyroscope; picture-in-picture; web-share\" referrerpolicy=\"strict-origin-when-cross-origin\" allowfullscreen><\/iframe><\/p>\n<p>&nbsp;<\/p>\n<h2 style=\"text-align: center;\">Concert of the FLORIPARI and the Court Ballet SOTTO LE STELLE<\/h2>\n<p>&nbsp;<\/p>\n<p><iframe title=\"Koncert zespo\u0142u FLORIPARI oraz Baletu Dworskiego SOTTO LE STELLE - Fundacja Pianoforte\" width=\"840\" height=\"473\" src=\"https:\/\/www.youtube.com\/embed\/JgxXmJXe01E?feature=oembed&#038;width=840&#038;height=1000&#038;discover=1\" frameborder=\"0\" allow=\"accelerometer; autoplay; clipboard-write; encrypted-media; gyroscope; picture-in-picture; web-share\" referrerpolicy=\"strict-origin-when-cross-origin\" allowfullscreen><\/iframe><\/p>\n<p>&nbsp;<\/p>\n<h2 style=\"text-align: center;\">Floripari. Polish Ayre &amp; Polish Villanell<\/h2>\n<p>&nbsp;<\/p>\n<p><iframe title=\"Floripari. Polish Ayre &amp; Polish Villanell.\" width=\"840\" height=\"473\" src=\"https:\/\/www.youtube.com\/embed\/JEq6hH83RZI?feature=oembed&#038;width=840&#038;height=1000&#038;discover=1\" frameborder=\"0\" allow=\"accelerometer; autoplay; clipboard-write; encrypted-media; gyroscope; picture-in-picture; web-share\" referrerpolicy=\"strict-origin-when-cross-origin\" allowfullscreen><\/iframe><\/p>\n<p>&nbsp;<\/p>\n<h2 style=\"text-align: center;\">Fragment koncertu zespo\u0142u \u201eFloripari&#8221; i grupy tanecznej \u201eSotto le Stelle&#8221;<\/h2>\n<p>&nbsp;<\/p>\n<p><iframe title=\"Fragment koncertu zespo\u0142u \u201eFloripari&quot; i grupy tanecznej \u201eSotto le Stelle&quot; 1\" width=\"840\" height=\"473\" src=\"https:\/\/www.youtube.com\/embed\/hXMSTXWCGWM?feature=oembed&#038;width=840&#038;height=1000&#038;discover=1\" frameborder=\"0\" allow=\"accelerometer; autoplay; clipboard-write; encrypted-media; gyroscope; picture-in-picture; web-share\" referrerpolicy=\"strict-origin-when-cross-origin\" allowfullscreen><\/iframe><\/p>\n<p>&nbsp;<\/p>\n<h2 style=\"text-align: center;\">Floripari. S\u0142u\u017cy\u0142em ja tobie dosy\u0107<\/h2>\n<p>&nbsp;<\/p>\n<p><iframe title=\"Floripari. S\u0142u\u017cy\u0142em ja tobie dosy\u0107.\" width=\"840\" height=\"473\" src=\"https:\/\/www.youtube.com\/embed\/GYYHCNf6oeg?feature=oembed&#038;width=840&#038;height=1000&#038;discover=1\" frameborder=\"0\" allow=\"accelerometer; autoplay; clipboard-write; encrypted-media; gyroscope; picture-in-picture; web-share\" referrerpolicy=\"strict-origin-when-cross-origin\" allowfullscreen><\/iframe><\/p>\n<p>&nbsp;<\/p>\n","protected":false},"excerpt":{"rendered":"<p>Courante &#8211; Jakub Reys Polak, FLORIPAR &nbsp; &nbsp; L&#8217;amor donna ch&#8217;io te porto &#8211; Canzionero de Palacio, FLORIPARI &nbsp; &nbsp; [&hellip;]<\/p>\n","protected":false},"author":1,"featured_media":162,"parent":512,"menu_order":0,"comment_status":"closed","ping_status":"closed","template":"","meta":{"footnotes":""},"class_list":["post-26","page","type-page","status-publish","has-post-thumbnail","hentry"],"jetpack_sharing_enabled":true,"_links":{"self":[{"href":"https:\/\/floripari.pl\/en\/wp-json\/wp\/v2\/pages\/26","targetHints":{"allow":["GET"]}}],"collection":[{"href":"https:\/\/floripari.pl\/en\/wp-json\/wp\/v2\/pages"}],"about":[{"href":"https:\/\/floripari.pl\/en\/wp-json\/wp\/v2\/types\/page"}],"author":[{"embeddable":true,"href":"https:\/\/floripari.pl\/en\/wp-json\/wp\/v2\/users\/1"}],"replies":[{"embeddable":true,"href":"https:\/\/floripari.pl\/en\/wp-json\/wp\/v2\/comments?post=26"}],"version-history":[{"count":5,"href":"https:\/\/floripari.pl\/en\/wp-json\/wp\/v2\/pages\/26\/revisions"}],"predecessor-version":[{"id":795,"href":"https:\/\/floripari.pl\/en\/wp-json\/wp\/v2\/pages\/26\/revisions\/795"}],"up":[{"embeddable":true,"href":"https:\/\/floripari.pl\/en\/wp-json\/wp\/v2\/pages\/512"}],"wp:featuredmedia":[{"embeddable":true,"href":"https:\/\/floripari.pl\/en\/wp-json\/wp\/v2\/media\/162"}],"wp:attachment":[{"href":"https:\/\/floripari.pl\/en\/wp-json\/wp\/v2\/media?parent=26"}],"curies":[{"name":"wp","href":"https:\/\/api.w.org\/{rel}","templated":true}]}}