{"id":22,"date":"2019-06-17T21:16:55","date_gmt":"2019-06-17T21:16:55","guid":{"rendered":"http:\/\/floripari.projektyart.stronazen.pl\/?page_id=22"},"modified":"2019-07-23T23:15:03","modified_gmt":"2019-07-23T21:15:03","slug":"audio","status":"publish","type":"page","link":"https:\/\/floripari.pl\/en\/media\/audio\/","title":{"rendered":"Audio"},"content":{"rendered":"<div class=\"wpb-content-wrapper\"><p>[vc_row][vc_column][vc_empty_space empty_h=&#8221;2&#8243;][vc_column_text]<\/p>\n<p><iframe title=\"Cantiga 100 &quot;Santa Maria, Strela do dia&quot;  - FLORIPARI Muzycy Wawelscy\" width=\"840\" height=\"473\" src=\"https:\/\/www.youtube.com\/embed\/ILfNWysDGLs?feature=oembed&#038;width=840&#038;height=1000&#038;discover=1\" frameborder=\"0\" allow=\"accelerometer; autoplay; encrypted-media; gyroscope; picture-in-picture\" allowfullscreen><\/iframe><\/p>\n<p>&nbsp;<\/p>\n<p><iframe title=\"Valentinus Bakfark (1506\/1507 - 1576) &quot;Sch\u00f6ner deutscher dantz&quot; - FLORIPARI Muzycy Wawelscy\" width=\"840\" height=\"473\" src=\"https:\/\/www.youtube.com\/embed\/RhWJySmFkmI?feature=oembed&#038;width=840&#038;height=1000&#038;discover=1\" frameborder=\"0\" allow=\"accelerometer; autoplay; encrypted-media; gyroscope; picture-in-picture\" allowfullscreen><\/iframe><\/p>\n<p>&nbsp;<\/p>\n<p><iframe title=\"Kancjona\u0142 Rakowski (1625) - psalm &quot;Do Ciebie, Panie&quot;, FLORIPARI Muzycy Wawelscy\" width=\"840\" height=\"473\" src=\"https:\/\/www.youtube.com\/embed\/RD4hbrsrkEM?feature=oembed&#038;width=840&#038;height=1000&#038;discover=1\" frameborder=\"0\" allow=\"accelerometer; autoplay; encrypted-media; gyroscope; picture-in-picture\" allowfullscreen><\/iframe><\/p>\n<p>&nbsp;<\/p>\n<p><iframe title=\"G.G.Gorczycki - &quot;In virtute Tua&quot;, FLORIPARI Muzycy Wawelscy\" width=\"840\" height=\"473\" src=\"https:\/\/www.youtube.com\/embed\/4W6_dUf7UDA?feature=oembed&#038;width=840&#038;height=1000&#038;discover=1\" frameborder=\"0\" allow=\"accelerometer; autoplay; encrypted-media; gyroscope; picture-in-picture\" allowfullscreen><\/iframe><\/p>\n<p>&nbsp;<\/p>\n<p><iframe title=\"Wac\u0142aw z Szamotu\u0142 - &quot;I kt\u00f3\u017c b\u0119dzie przemieszkawa\u0142&quot;, FLORIPARI Muzycy Wawelscy\" width=\"840\" height=\"473\" src=\"https:\/\/www.youtube.com\/embed\/ysit9dGu4tw?feature=oembed&#038;width=840&#038;height=1000&#038;discover=1\" frameborder=\"0\" allow=\"accelerometer; autoplay; encrypted-media; gyroscope; picture-in-picture\" allowfullscreen><\/iframe><\/p>\n<p>&nbsp;<\/p>\n<p><iframe title=\"Tabulatura Jana z Lublina - &quot;Passo e mezzo&quot;, FLORIPARI Muzycy Wawelscy\" width=\"840\" height=\"473\" src=\"https:\/\/www.youtube.com\/embed\/0UQ3ByMmOZw?feature=oembed&#038;width=840&#038;height=1000&#038;discover=1\" frameborder=\"0\" allow=\"accelerometer; autoplay; encrypted-media; gyroscope; picture-in-picture\" allowfullscreen><\/iframe><\/p>\n<p>&nbsp;<\/p>\n<p><iframe title=\"M. Praetorius &quot;Courante in a&quot; - FLORIPARI Muzycy Wawelscy\" width=\"840\" height=\"473\" src=\"https:\/\/www.youtube.com\/embed\/ThmA1RKo3TM?feature=oembed&#038;width=840&#038;height=1000&#038;discover=1\" frameborder=\"0\" allow=\"accelerometer; autoplay; encrypted-media; gyroscope; picture-in-picture\" allowfullscreen><\/iframe><\/p>\n<p>&nbsp;<\/p>\n<p><iframe title=\"M. Praetorius &quot; Courante in C &quot; - FLORIPARI Muzycy Wawelscy\" width=\"840\" height=\"473\" src=\"https:\/\/www.youtube.com\/embed\/NNhWCSfPfPE?feature=oembed&#038;width=840&#038;height=1000&#038;discover=1\" frameborder=\"0\" allow=\"accelerometer; autoplay; encrypted-media; gyroscope; picture-in-picture\" allowfullscreen><\/iframe><\/p>\n<p>&nbsp;<\/p>\n<p><iframe title=\"G.Gastoldi &quot;La Cortigiana&quot; - FLORIPARI Muzycy Wawelscy\" width=\"840\" height=\"473\" src=\"https:\/\/www.youtube.com\/embed\/-NBpDyyJfns?feature=oembed&#038;width=840&#038;height=1000&#038;discover=1\" frameborder=\"0\" allow=\"accelerometer; autoplay; encrypted-media; gyroscope; picture-in-picture\" allowfullscreen><\/iframe><\/p>\n<p>&nbsp;<\/p>\n<p>[\/vc_column_text][vc_row_inner][vc_column_inner column_width_percent=&#8221;100&#8243; align_horizontal=&#8221;align_center&#8221; gutter_size=&#8221;3&#8243; overlay_alpha=&#8221;50&#8243; medium_width=&#8221;0&#8243; mobile_width=&#8221;0&#8243; shift_x=&#8221;0&#8243; shift_y=&#8221;0&#8243; shift_y_down=&#8221;0&#8243; z_index=&#8221;0&#8243; width=&#8221;1\/1&#8243;][vc_separator sep_color=&#8221;accent&#8221; el_width=&#8221;40%&#8221;][\/vc_column_inner][\/vc_row_inner][vc_row_inner][vc_column_inner column_width_percent=&#8221;80&#8243; align_horizontal=&#8221;align_center&#8221; gutter_size=&#8221;3&#8243; overlay_alpha=&#8221;50&#8243; medium_width=&#8221;0&#8243; mobile_width=&#8221;0&#8243; shift_x=&#8221;0&#8243; shift_y=&#8221;0&#8243; shift_y_down=&#8221;0&#8243; z_index=&#8221;0&#8243; width=&#8221;1\/1&#8243;][vc_column_text]<\/p>\n<h4>Anonim (XVI w.) &#8211; <em>Hejna\u0142 \u015awita na ranne powstanie<\/em><\/h4>\n<p>&nbsp;<\/p>\n<audio class=\"wp-audio-shortcode\" id=\"audio-22-1\" preload=\"none\" style=\"width: 100%;\" controls=\"controls\"><source type=\"audio\/mpeg\" src=\"https:\/\/floripari.pl\/en\/wp-content\/uploads\/sites\/2\/2019\/07\/hejnal.mp3?_=1\" \/><a href=\"https:\/\/floripari.pl\/en\/wp-content\/uploads\/sites\/2\/2019\/07\/hejnal.mp3\">https:\/\/floripari.pl\/en\/wp-content\/uploads\/sites\/2\/2019\/07\/hejnal.mp3<\/a><\/audio>\n<p>&nbsp;<\/p>\n<h4>C. Bazylik (1535-1591) &#8211; <em>I kt\u00f3\u017c b\u0119dzie przemieszkawa\u0142<\/em><\/h4>\n<p>&nbsp;<\/p>\n<audio class=\"wp-audio-shortcode\" id=\"audio-22-2\" preload=\"none\" style=\"width: 100%;\" controls=\"controls\"><source type=\"audio\/mpeg\" src=\"https:\/\/floripari.pl\/en\/wp-content\/uploads\/sites\/2\/2019\/07\/ktoz_bedzie-.mp3?_=2\" \/><a href=\"https:\/\/floripari.pl\/en\/wp-content\/uploads\/sites\/2\/2019\/07\/ktoz_bedzie-.mp3\">https:\/\/floripari.pl\/en\/wp-content\/uploads\/sites\/2\/2019\/07\/ktoz_bedzie-.mp3<\/a><\/audio>\n<p>&nbsp;<\/p>\n<h4>Anonim (XVII w.) &#8211; <em>Skarzec sie matusiu moia<\/em><\/h4>\n<p>&nbsp;<\/p>\n<audio class=\"wp-audio-shortcode\" id=\"audio-22-3\" preload=\"none\" style=\"width: 100%;\" controls=\"controls\"><source type=\"audio\/mpeg\" src=\"https:\/\/floripari.pl\/en\/wp-content\/uploads\/sites\/2\/2019\/07\/matusiu_mia.mp3?_=3\" \/><a href=\"https:\/\/floripari.pl\/en\/wp-content\/uploads\/sites\/2\/2019\/07\/matusiu_mia.mp3\">https:\/\/floripari.pl\/en\/wp-content\/uploads\/sites\/2\/2019\/07\/matusiu_mia.mp3<\/a><\/audio>\n<p>&nbsp;<\/p>\n<h4>P. Attaignant (1494-1551) <em>Tourdion<\/em><\/h4>\n<p>&nbsp;<\/p>\n<audio class=\"wp-audio-shortcode\" id=\"audio-22-4\" preload=\"none\" style=\"width: 100%;\" controls=\"controls\"><source type=\"audio\/mpeg\" src=\"https:\/\/floripari.pl\/en\/wp-content\/uploads\/sites\/2\/2019\/07\/tourdion.mp3?_=4\" \/><a href=\"https:\/\/floripari.pl\/en\/wp-content\/uploads\/sites\/2\/2019\/07\/tourdion.mp3\">https:\/\/floripari.pl\/en\/wp-content\/uploads\/sites\/2\/2019\/07\/tourdion.mp3<\/a><\/audio>\n<p>[\/vc_column_text][vc_separator sep_color=&#8221;accent&#8221; el_width=&#8221;50%&#8221;][vc_empty_space empty_h=&#8221;3&#8243;][\/vc_column_inner][\/vc_row_inner][vc_empty_space empty_h=&#8221;2&#8243;][\/vc_column][\/vc_row]<\/p>\n<\/div>","protected":false},"excerpt":{"rendered":"<p>[vc_row][vc_column][vc_empty_space empty_h=&#8221;2&#8243;][vc_column_text] &nbsp; &nbsp; &nbsp; &nbsp; &nbsp; &nbsp; &nbsp; &nbsp; &nbsp; [\/vc_column_text][vc_row_inner][vc_column_inner column_width_percent=&#8221;100&#8243; align_horizontal=&#8221;align_center&#8221; gutter_size=&#8221;3&#8243; overlay_alpha=&#8221;50&#8243; medium_width=&#8221;0&#8243; mobile_width=&#8221;0&#8243; shift_x=&#8221;0&#8243; shift_y=&#8221;0&#8243; [&hellip;]<\/p>\n","protected":false},"author":1,"featured_media":679,"parent":512,"menu_order":0,"comment_status":"closed","ping_status":"closed","template":"","meta":{"footnotes":""},"class_list":["post-22","page","type-page","status-publish","has-post-thumbnail","hentry"],"jetpack_sharing_enabled":true,"_links":{"self":[{"href":"https:\/\/floripari.pl\/en\/wp-json\/wp\/v2\/pages\/22","targetHints":{"allow":["GET"]}}],"collection":[{"href":"https:\/\/floripari.pl\/en\/wp-json\/wp\/v2\/pages"}],"about":[{"href":"https:\/\/floripari.pl\/en\/wp-json\/wp\/v2\/types\/page"}],"author":[{"embeddable":true,"href":"https:\/\/floripari.pl\/en\/wp-json\/wp\/v2\/users\/1"}],"replies":[{"embeddable":true,"href":"https:\/\/floripari.pl\/en\/wp-json\/wp\/v2\/comments?post=22"}],"version-history":[{"count":3,"href":"https:\/\/floripari.pl\/en\/wp-json\/wp\/v2\/pages\/22\/revisions"}],"predecessor-version":[{"id":757,"href":"https:\/\/floripari.pl\/en\/wp-json\/wp\/v2\/pages\/22\/revisions\/757"}],"up":[{"embeddable":true,"href":"https:\/\/floripari.pl\/en\/wp-json\/wp\/v2\/pages\/512"}],"wp:featuredmedia":[{"embeddable":true,"href":"https:\/\/floripari.pl\/en\/wp-json\/wp\/v2\/media\/679"}],"wp:attachment":[{"href":"https:\/\/floripari.pl\/en\/wp-json\/wp\/v2\/media?parent=22"}],"curies":[{"name":"wp","href":"https:\/\/api.w.org\/{rel}","templated":true}]}}