{"id":194,"date":"2019-06-26T15:08:52","date_gmt":"2019-06-26T15:08:52","guid":{"rendered":"http:\/\/floripari.projektyart.stronazen.pl\/?page_id=194"},"modified":"2019-07-19T20:01:27","modified_gmt":"2019-07-19T18:01:27","slug":"muzyczne-pocztowki-z-dawnej-polski-2","status":"publish","type":"page","link":"https:\/\/floripari.pl\/en\/discography\/muzyczne-pocztowki-z-dawnej-polski-2\/","title":{"rendered":"Early music postcards from Poland"},"content":{"rendered":"<div class=\"wpb-content-wrapper\"><p>[vc_row][vc_column column_width_percent=&#8221;80&#8243; style=&#8221;light&#8221; overlay_alpha=&#8221;50&#8243; gutter_size=&#8221;3&#8243; medium_width=&#8221;0&#8243; mobile_width=&#8221;0&#8243; shift_x=&#8221;0&#8243; shift_y=&#8221;0&#8243; shift_y_down=&#8221;0&#8243; z_index=&#8221;0&#8243; width=&#8221;1\/1&#8243;][vc_row_inner][vc_column_inner column_width_percent=&#8221;100&#8243; align_horizontal=&#8221;align_center&#8221; style=&#8221;light&#8221; gutter_size=&#8221;3&#8243; overlay_alpha=&#8221;50&#8243; medium_width=&#8221;0&#8243; mobile_width=&#8221;0&#8243; shift_x=&#8221;0&#8243; shift_y=&#8221;0&#8243; shift_y_down=&#8221;0&#8243; z_index=&#8221;0&#8243; width=&#8221;1\/1&#8243;][vc_empty_space empty_h=&#8221;0&#8243;][vc_custom_heading auto_text=&#8221;yes&#8221;][\/vc_custom_heading][\/vc_column_inner][\/vc_row_inner][vc_column_text]<em>FLORIPARI, 2012)<\/em><\/p>\n<p><strong><img decoding=\"async\" class=\"size-medium wp-image-195 alignright\" src=\"https:\/\/floripari.pl\/en\/wp-content\/uploads\/sites\/2\/2019\/06\/pocztowki-300x180.jpg\" alt=\"\" width=\"300\" height=\"180\" srcset=\"https:\/\/floripari.pl\/en\/wp-content\/uploads\/sites\/2\/2019\/06\/pocztowki-300x180.jpg 300w, https:\/\/floripari.pl\/en\/wp-content\/uploads\/sites\/2\/2019\/06\/pocztowki.jpg 550w\" sizes=\"(max-width: 300px) 100vw, 300px\" \/>Adrianna Bujak-Cyran, Joanna Trafas, Maria Skiba<\/strong> \u2013 sopran<br \/>\n<strong>Artur \u0141uczak<\/strong> \u2013 skrzypce, alt\u00f3wka, fidel<br \/>\n<strong>Justyna Grabowska, Patrycja Domagalska-Ka\u0142u\u017ca<\/strong> \u2013 wirgina\u0142, pozytyw<br \/>\n<strong>Milena Dobro\u0107, Henryk Kasperczak<\/strong> \u2013 lutnia<br \/>\n<strong>Justyna M\u0142ynarczyk, Justyna Rek\u015b\u0107-Raubo, Mateusz Kowalski<\/strong> &#8211; viola da gamba<br \/>\n<strong>Aleksander Tomczyk<\/strong> \u2013 flet prosty, sza\u0142amaja, kornamuzy, gemshorny, ob\u00f3j barokowy,<br \/>\ninstr.perkusyjne, kier.art.<\/p>\n<p>repertuar: m.in. Miko\u0142aj Gom\u00f3\u0142ka, Wac\u0142aw z Szamotu\u0142, G. G. Gorczycki, G. Gastoldi, M. Praetorius, anonimowe pie\u015bni i ta\u0144ce z dawnych tabulatur, psalmy Braci Polskich.<\/p>\n<p>Total time: 74 min.[\/vc_column_text][vc_row_inner][vc_column_inner width=&#8221;2\/3&#8243;][vc_single_image media=&#8221;691&#8243; media_lightbox=&#8221;yes&#8221; media_width_percent=&#8221;100&#8243; shadow=&#8221;yes&#8221; shadow_weight=&#8221;sm&#8221;][\/vc_column_inner][vc_column_inner column_width_percent=&#8221;100&#8243; position_vertical=&#8221;middle&#8221; gutter_size=&#8221;3&#8243; overlay_alpha=&#8221;50&#8243; medium_width=&#8221;0&#8243; mobile_width=&#8221;0&#8243; shift_x=&#8221;0&#8243; shift_y=&#8221;0&#8243; shift_y_down=&#8221;0&#8243; z_index=&#8221;0&#8243; width=&#8221;1\/3&#8243;][vc_button button_color=&#8221;accent&#8221; outline=&#8221;yes&#8221; border_width=&#8221;0&#8243; link=&#8221;url:https%3A%2F%2Ffundacjaincanto.pl%2Fprodukt%2Fmuzyczne-pocztowki-z-dawnej-polski%2F||target:%20_blank|&#8221;]Buy CD[\/vc_button][\/vc_column_inner][\/vc_row_inner][vc_empty_space empty_h=&#8221;3&#8243;][\/vc_column][\/vc_row]<\/p>\n<\/div>","protected":false},"excerpt":{"rendered":"<p>[vc_row][vc_column column_width_percent=&#8221;80&#8243; style=&#8221;light&#8221; overlay_alpha=&#8221;50&#8243; gutter_size=&#8221;3&#8243; medium_width=&#8221;0&#8243; mobile_width=&#8221;0&#8243; shift_x=&#8221;0&#8243; shift_y=&#8221;0&#8243; shift_y_down=&#8221;0&#8243; z_index=&#8221;0&#8243; width=&#8221;1\/1&#8243;][vc_row_inner][vc_column_inner column_width_percent=&#8221;100&#8243; align_horizontal=&#8221;align_center&#8221; style=&#8221;light&#8221; gutter_size=&#8221;3&#8243; overlay_alpha=&#8221;50&#8243; medium_width=&#8221;0&#8243; mobile_width=&#8221;0&#8243; shift_x=&#8221;0&#8243; [&hellip;]<\/p>\n","protected":false},"author":1,"featured_media":195,"parent":511,"menu_order":0,"comment_status":"closed","ping_status":"closed","template":"","meta":{"footnotes":""},"class_list":["post-194","page","type-page","status-publish","has-post-thumbnail","hentry","page_category-plyty"],"jetpack_sharing_enabled":true,"_links":{"self":[{"href":"https:\/\/floripari.pl\/en\/wp-json\/wp\/v2\/pages\/194","targetHints":{"allow":["GET"]}}],"collection":[{"href":"https:\/\/floripari.pl\/en\/wp-json\/wp\/v2\/pages"}],"about":[{"href":"https:\/\/floripari.pl\/en\/wp-json\/wp\/v2\/types\/page"}],"author":[{"embeddable":true,"href":"https:\/\/floripari.pl\/en\/wp-json\/wp\/v2\/users\/1"}],"replies":[{"embeddable":true,"href":"https:\/\/floripari.pl\/en\/wp-json\/wp\/v2\/comments?post=194"}],"version-history":[{"count":5,"href":"https:\/\/floripari.pl\/en\/wp-json\/wp\/v2\/pages\/194\/revisions"}],"predecessor-version":[{"id":747,"href":"https:\/\/floripari.pl\/en\/wp-json\/wp\/v2\/pages\/194\/revisions\/747"}],"up":[{"embeddable":true,"href":"https:\/\/floripari.pl\/en\/wp-json\/wp\/v2\/pages\/511"}],"wp:featuredmedia":[{"embeddable":true,"href":"https:\/\/floripari.pl\/en\/wp-json\/wp\/v2\/media\/195"}],"wp:attachment":[{"href":"https:\/\/floripari.pl\/en\/wp-json\/wp\/v2\/media?parent=194"}],"curies":[{"name":"wp","href":"https:\/\/api.w.org\/{rel}","templated":true}]}}