{"id":10,"date":"2019-06-17T21:14:28","date_gmt":"2019-06-17T21:14:28","guid":{"rendered":"http:\/\/floripari.projektyart.stronazen.pl\/?page_id=10"},"modified":"2019-07-11T16:06:12","modified_gmt":"2019-07-11T14:06:12","slug":"o-zespole","status":"publish","type":"page","link":"https:\/\/floripari.pl\/en\/o-zespole\/","title":{"rendered":"About Us"},"content":{"rendered":"<div class=\"wpb-content-wrapper\"><p>[vc_row][vc_column column_width_percent=&#8221;80&#8243; overlay_alpha=&#8221;50&#8243; gutter_size=&#8221;3&#8243; medium_width=&#8221;0&#8243; mobile_width=&#8221;0&#8243; shift_x=&#8221;0&#8243; shift_y=&#8221;0&#8243; shift_y_down=&#8221;0&#8243; z_index=&#8221;0&#8243; width=&#8221;1\/1&#8243;][vc_row_inner][vc_column_inner column_width_percent=&#8221;100&#8243; align_horizontal=&#8221;align_center&#8221; gutter_size=&#8221;3&#8243; overlay_alpha=&#8221;50&#8243; medium_width=&#8221;0&#8243; mobile_width=&#8221;0&#8243; shift_x=&#8221;0&#8243; shift_y=&#8221;0&#8243; shift_y_down=&#8221;0&#8243; z_index=&#8221;0&#8243; width=&#8221;1\/1&#8243;][vc_empty_space empty_h=&#8221;1&#8243;][vc_custom_heading separator=&#8221;yes&#8221; separator_color=&#8221;yes&#8221; subheading=&#8221;Early music ensemble&#8221;]FLORIPARI | Wawel Musicians[\/vc_custom_heading][\/vc_column_inner][\/vc_row_inner][vc_empty_space empty_h=&#8221;1&#8243;][vc_column_text text_lead=&#8221;yes&#8221;]<\/p>\n<p style=\"text-align: justify;\"><img decoding=\"async\" class=\"alignright wp-image-166\" src=\"https:\/\/floripari.pl\/en\/wp-content\/uploads\/sites\/2\/2019\/06\/03-684x1024.jpg\" alt=\"\" width=\"400\" height=\"599\" srcset=\"https:\/\/floripari.pl\/en\/wp-content\/uploads\/sites\/2\/2019\/06\/03-684x1024.jpg 684w, https:\/\/floripari.pl\/en\/wp-content\/uploads\/sites\/2\/2019\/06\/03-200x300.jpg 200w, https:\/\/floripari.pl\/en\/wp-content\/uploads\/sites\/2\/2019\/06\/03-768x1151.jpg 768w, https:\/\/floripari.pl\/en\/wp-content\/uploads\/sites\/2\/2019\/06\/03.jpg 1080w\" sizes=\"(max-width: 400px) 100vw, 400px\" \/>The ensemble was founded in 1994. One of the co-founders, Aleksander Tomczyk remains its central figure until today, and leads the ensemble as artistic director. The leading throughline over the years has been presenting and bringing to the foreground Polish music of centuries past. The group uses historical instruments and historically informed performance technique as well as creates its own original arrangements inspired by folk music, world music and a collective licentia poetica. From the beginning, FLORIPARI actively performs concerts all over Poland and abroad.<\/p>\n<p style=\"text-align: justify;\">Over 20 years ago the ensemble began a collaboration with the Royal Castle of Wawel, bringing back tradition of royal music and court ensembles dating back hundreds of years. Floripari quickly became the castle\u2019s leading musical attraction, performing at prestigious events honouring special visitors from abroad: the president of Portugal, King of Malaysia, Queen of Sweden, Prince of Monaco, NATO representatives, Norwegian government officials and many others<\/p>\n<p style=\"text-align: justify;\">FLORIPARI ensemble has gone on many international concert tours to promote Polish culture, its activities supported by the Adam Mickiewicz Institute, Poland\u2019s leading national institution for promoting Polish culture abroad.<\/p>\n<p style=\"text-align: justify;\">In recent years, the most important performances took place at internationally ranked festivals such as the Blackwood River Chamber Festival in Western Australia (2012), the 51st International Festival in \u0141a\u0144cut (2012), Stour Festival of Music in the UK (2010) as well as Via Gothica (Slovakia) and Festivalul de Muzica Veche (Bucarest, Romania). Beyond that, the ensemble was a guest at Kolory Polski festival, the 18th Early Music festival at the Royal Castle in Warsaw, Festiwal Muzyki Niezwyk\u0142ej (Krak\u00f3w, 2017) , Muzyczne Lato z Telemannem ,Aleksandrowski Mi\u0119dzynarodowy Festiwal Dw\u00f3ch Cesarzy and at gala events for the Pro Publico Bono Foundation in Rome and Krakow and the European City of Culture celebrations in Vilnius.<\/p>\n<p><img decoding=\"async\" class=\"aligncenter size-large wp-image-169\" src=\"https:\/\/floripari.pl\/en\/wp-content\/uploads\/sites\/2\/2019\/06\/06-1024x703.jpg\" alt=\"\" width=\"900\" height=\"618\" srcset=\"https:\/\/floripari.pl\/en\/wp-content\/uploads\/sites\/2\/2019\/06\/06-1024x703.jpg 1024w, https:\/\/floripari.pl\/en\/wp-content\/uploads\/sites\/2\/2019\/06\/06-300x206.jpg 300w, https:\/\/floripari.pl\/en\/wp-content\/uploads\/sites\/2\/2019\/06\/06-768x527.jpg 768w, https:\/\/floripari.pl\/en\/wp-content\/uploads\/sites\/2\/2019\/06\/06.jpg 1574w\" sizes=\"(max-width: 900px) 100vw, 900px\" \/><\/p>\n<p style=\"text-align: justify;\">Ensemble members have taken part in many early music master classes. Scholarships from DISS Dartington and the David Reichenberg Trust (1993-1995) were a crucial force in the development of the ensemble in its early stages. Over the years, the ensemble changed and evolved as various members floated in and out of the group. New instruments were added and all members constantly further their abilities, growing as artists. Some have gone on to teach at the Krakow Academy of Music.<\/p>\n<p style=\"text-align: justify;\">FLORIPARI Wawel Musicians has recorded and published many albums, most significantly K\u0119dykolwiek teraz jeste\u015b. Love lyric of European courts of the 16th and 17th c.\u201d (1995), (\u201eK\u0119dykolwiek teraz jeste\u015b. Liryka mi\u0142osna dwor\u00f3w europejskich XVI i XVII w.\u201d) Auditum de coelis &#8211; music of the Bright Mount (&amp;quot;Auditum de coelis. Jasnog\u00f3rskie muzykalia\u201d)(2001) Christmas Music from the Bright Mount \u201e (Jasnog\u00f3rska Muzyka na Bo\u017ce Narodzenie\u201d) (2005) and Musical Postcards from old Poland \u201eMuzyczne Poczt\u00f3wki z dawnej Polski&amp;quot; (2012) . In 2016, FLORIPARI recorded its original arrangements of the famous Spanish medieval Cantigas de Santa Maria in a modern-day Polish translation. The album was published by the Dominican Friars Liturgical Centre Foundation, accompanied by a songbook, but is also available on Spotify.<\/p>\n<p><img decoding=\"async\" class=\"aligncenter size-large wp-image-215\" src=\"https:\/\/floripari.pl\/en\/wp-content\/uploads\/sites\/2\/2019\/06\/cantigi-1024x401.jpg\" alt=\"\" width=\"900\" height=\"352\" srcset=\"https:\/\/floripari.pl\/en\/wp-content\/uploads\/sites\/2\/2019\/06\/cantigi-1024x401.jpg 1024w, https:\/\/floripari.pl\/en\/wp-content\/uploads\/sites\/2\/2019\/06\/cantigi-300x117.jpg 300w, https:\/\/floripari.pl\/en\/wp-content\/uploads\/sites\/2\/2019\/06\/cantigi-768x300.jpg 768w, https:\/\/floripari.pl\/en\/wp-content\/uploads\/sites\/2\/2019\/06\/cantigi.jpg 2567w\" sizes=\"(max-width: 900px) 100vw, 900px\" \/><\/p>\n<p style=\"text-align: justify;\">FLORIPARI conducts research, discovering unknown polish early music. Since 2006, it collaborates with the Rak\u00f3w Land Friends Association (Towarzystwo Przyjaci\u00f3\u0142 Ziemi Rakowskiej) and Kurozw\u0119ki Palace, performing and analyzing previously unknown post-reformation religious music of the Polish group of Protestants known as the Polish Brethren as well as the Catholic Rak\u00f3w Capella, resulting in annual concerts and recordings.<\/p>\n<p style=\"text-align: justify;\">Educating children and youth is an important area of FLORIPARI activity. The ensemble performs for very young audiences, speaking about Polish Reneissance culture, instruments, customs and fashion alongside performing music of the so-called Polish Golden Age (16th and 17th c). FLORIPARI has taken part in programs at the National Philharmonic, The National Opera in Warsaw and regularly cooperates with the Krakow Philharmonic Education Dept.<\/p>\n<p><img decoding=\"async\" class=\"aligncenter wp-image-216 size-large\" src=\"https:\/\/floripari.pl\/en\/wp-content\/uploads\/sites\/2\/2019\/06\/nauka-1024x407.jpg\" alt=\"\" width=\"840\" height=\"334\" srcset=\"https:\/\/floripari.pl\/en\/wp-content\/uploads\/sites\/2\/2019\/06\/nauka-1024x407.jpg 1024w, https:\/\/floripari.pl\/en\/wp-content\/uploads\/sites\/2\/2019\/06\/nauka-300x119.jpg 300w, https:\/\/floripari.pl\/en\/wp-content\/uploads\/sites\/2\/2019\/06\/nauka-768x305.jpg 768w, https:\/\/floripari.pl\/en\/wp-content\/uploads\/sites\/2\/2019\/06\/nauka.jpg 2166w\" sizes=\"(max-width: 840px) 100vw, 840px\" \/>[\/vc_column_text][vc_empty_space empty_h=&#8221;2&#8243;][vc_row_inner][vc_column_inner column_width_percent=&#8221;100&#8243; align_horizontal=&#8221;align_center&#8221; gutter_size=&#8221;3&#8243; overlay_alpha=&#8221;50&#8243; medium_width=&#8221;0&#8243; mobile_width=&#8221;0&#8243; shift_x=&#8221;0&#8243; shift_y=&#8221;0&#8243; shift_y_down=&#8221;0&#8243; z_index=&#8221;0&#8243; width=&#8221;1\/1&#8243;][vc_custom_heading]Our team[\/vc_custom_heading][\/vc_column_inner][\/vc_row_inner][vc_empty_space empty_h=&#8221;1&#8243;][\/vc_column][\/vc_row][vc_row][vc_column width=&#8221;1\/1&#8243;][vc_gallery el_id=&#8221;gallery-143426&#8243; type=&#8221;carousel&#8221; medias=&#8221;345,343,344,347,346,352&#8243; carousel_lg=&#8221;4&#8243; carousel_md=&#8221;3&#8243; carousel_sm=&#8221;1&#8243; gutter_size=&#8221;3&#8243; media_items=&#8221;media|custom_link|original,icon,title,caption,description&#8221; carousel_interval=&#8221;3000&#8243; carousel_navspeed=&#8221;400&#8243; stage_padding=&#8221;0&#8243; single_text=&#8221;under&#8221; single_overlay_color=&#8221;color-193113&#8243; single_overlay_opacity=&#8221;50&#8243; single_h_align=&#8221;center&#8221; single_padding=&#8221;2&#8243; no_double_tap=&#8221;yes&#8221; items=&#8221;eyIzNDVfaSI6eyJzaW5nbGVfbGluayI6InVybDpodHRwcyUzQSUyRiUyRmZsb3JpcGFyaS5wbCUyRmVuJTJGbXVzaWNpYW5zJTJGbWFyaWEta2xpY2glMkZ8dGl0bGU6TWFyaWElMjBLbGljaHx8In0sIjM0M19pIjp7InNpbmdsZV9saW5rIjoidXJsOmh0dHBzJTNBJTJGJTJGZmxvcmlwYXJpLnBsJTJGZW4lMkZtdXNpY2lhbnMlMkZqb2FubmEtdHJhZmFzJTJGfHRpdGxlOkpvYW5uYSUyMFRyYWZhc3x8In0sIjM0NF9pIjp7InNpbmdsZV9saW5rIjoidXJsOmh0dHBzJTNBJTJGJTJGZmxvcmlwYXJpLnBsJTJGZW4lMkZtdXNpY2lhbnMlMkZqdXN0eW5hLWdyYWJvd3NrYSUyRnx0aXRsZTpKdXN0eW5hJTIwR3JhYm93c2thfHwifSwiMzQ3X2kiOnsic2luZ2xlX2xpbmsiOiJ1cmw6aHR0cHMlM0ElMkYlMkZmbG9yaXBhcmkucGwlMkZlbiUyRm11c2ljaWFucyUyRmFsZWtzYW5kZXItdG9tY3p5ayUyRnx0aXRsZTpBbGVrc2FuZGVyJTIwVG9tY3p5a3x8In0sIjM0Nl9pIjp7InNpbmdsZV9saW5rIjoidXJsOmh0dHBzJTNBJTJGJTJGZmxvcmlwYXJpLnBsJTJGZW4lMkZtdXNpY2lhbnMlMkZtYXRldXN6LWtvd2Fsc2tpJTJGfHRpdGxlOk1hdGV1c3olMjBLb3dhbHNraXx8In0sIjM1Ml9pIjp7InNpbmdsZV9saW5rIjoidXJsOmh0dHBzJTNBJTJGJTJGZmxvcmlwYXJpLnBsJTJGZW4lMkZtdXNpY2lhbnMlMkZrYXRhcnp5bmEtYm9yc3R5biUyRnx0aXRsZTpLYXRhcnp5bmElMjBCb3JzdHlufHwifX0=&#8221;][vc_empty_space empty_h=&#8221;3&#8243;][\/vc_column][\/vc_row]<\/p>\n<\/div>","protected":false},"excerpt":{"rendered":"<p>[vc_row][vc_column column_width_percent=&#8221;80&#8243; overlay_alpha=&#8221;50&#8243; gutter_size=&#8221;3&#8243; medium_width=&#8221;0&#8243; mobile_width=&#8221;0&#8243; shift_x=&#8221;0&#8243; shift_y=&#8221;0&#8243; shift_y_down=&#8221;0&#8243; z_index=&#8221;0&#8243; width=&#8221;1\/1&#8243;][vc_row_inner][vc_column_inner column_width_percent=&#8221;100&#8243; align_horizontal=&#8221;align_center&#8221; gutter_size=&#8221;3&#8243; overlay_alpha=&#8221;50&#8243; medium_width=&#8221;0&#8243; mobile_width=&#8221;0&#8243; shift_x=&#8221;0&#8243; shift_y=&#8221;0&#8243; shift_y_down=&#8221;0&#8243; [&hellip;]<\/p>\n","protected":false},"author":1,"featured_media":106,"parent":0,"menu_order":0,"comment_status":"closed","ping_status":"closed","template":"","meta":{"footnotes":""},"class_list":["post-10","page","type-page","status-publish","has-post-thumbnail","hentry"],"jetpack_sharing_enabled":true,"_links":{"self":[{"href":"https:\/\/floripari.pl\/en\/wp-json\/wp\/v2\/pages\/10","targetHints":{"allow":["GET"]}}],"collection":[{"href":"https:\/\/floripari.pl\/en\/wp-json\/wp\/v2\/pages"}],"about":[{"href":"https:\/\/floripari.pl\/en\/wp-json\/wp\/v2\/types\/page"}],"author":[{"embeddable":true,"href":"https:\/\/floripari.pl\/en\/wp-json\/wp\/v2\/users\/1"}],"replies":[{"embeddable":true,"href":"https:\/\/floripari.pl\/en\/wp-json\/wp\/v2\/comments?post=10"}],"version-history":[{"count":9,"href":"https:\/\/floripari.pl\/en\/wp-json\/wp\/v2\/pages\/10\/revisions"}],"predecessor-version":[{"id":688,"href":"https:\/\/floripari.pl\/en\/wp-json\/wp\/v2\/pages\/10\/revisions\/688"}],"wp:featuredmedia":[{"embeddable":true,"href":"https:\/\/floripari.pl\/en\/wp-json\/wp\/v2\/media\/106"}],"wp:attachment":[{"href":"https:\/\/floripari.pl\/en\/wp-json\/wp\/v2\/media?parent=10"}],"curies":[{"name":"wp","href":"https:\/\/api.w.org\/{rel}","templated":true}]}}